{"id":44,"date":"2014-04-22T15:27:45","date_gmt":"2014-04-22T14:27:45","guid":{"rendered":"http:\/\/blackthornsdesign.com\/?page_id=44"},"modified":"2025-11-02T01:32:44","modified_gmt":"2025-11-02T00:32:44","slug":"legal-notice-terms-of-use","status":"publish","type":"page","link":"https:\/\/blackthornsdesign.com\/en\/mentions-legales\/","title":{"rendered":"Legal Notice &amp; Terms of Use"},"content":{"rendered":"<section class=\"wp-block-uagb-section uagb-section__wrap uagb-section__background-undefined uagb-block-4a9ee0fb\"><div class=\"uagb-section__overlay\"><\/div><div class=\"uagb-section__inner-wrap\">\n<h3 class=\"wp-block-heading caps\">Publisher<\/h3>\n\n\n\n<p><strong>Ludovic Mornand,<\/strong><br><strong>EI at STUDIO BLACKTHORNS<\/strong><br>3 rue Pierre Valdo 69005 LYON<br>Siret : 513 040 576 00045<br>VAT: FR42513040576<\/p>\n\n\n\n<p><strong>Publication Director:<\/strong> Ludovic Mornand<\/p>\n\n\n\n<h3 class=\"wp-block-heading caps\">Hosting Provider:<\/h3>\n\n\n\n<p><strong>1&amp;1 Internet SARL<\/strong><br>7, place de la Gare<br>BP 70109<br>57201 Sarreguemines Cedex<\/p>\n\n\n\n<h2 class=\"wp-block-heading caps\">1. Preamble<\/h2>\n\n\n\n<p>STUDIO BLACKTHORNS\u00ae website (hereinafter \"the Site\"), STUDIO BLACKTHORNS\u00ae accounts and publications on various platforms (Spotify, Deezer, SoundCloud, YouTube, Instagram, Facebook, TikTok, Pinterest, Twitter, etc.) (hereinafter \"Platform Content\"), STUDIO BLACKTHORNS\u00ae RSS feeds (hereinafter \"Feeds\"), mobile, tablet and smart speaker applications (hereinafter \"Applications\"), and newsletters (hereinafter \"Newsletters\") are published by Ludovic Mornand, registered under SIRET n\u00b0513 040 576 00037, VAT number FR42513040576, registered office at 3 rue Pierre Valdo 69005 Lyon \u2013 France.<\/p>\n\n\n\n<p>Any use of STUDIO BLACKTHORNS\u00ae content or services across Site, Platforms, Feeds, Applications, or Newsletters implies acceptance of these Terms of Use. STUDIO BLACKTHORNS\u00ae reserves the right to modify these terms at any time.<\/p>\n\n\n\n<h2 class=\"wp-block-heading caps\">2. Usage<\/h2>\n\n\n\n<p>The Site, Platform Content, Feeds, Applications and Newsletters are accessible to users for strictly personal, private and non-collective use. Any professional or commercial re-use or commercialisation of this content to third parties is prohibited without express agreement from STUDIO BLACKTHORNS\u00ae.<\/p>\n\n\n\n<p>Companies wishing to reuse content are invited to contact the studio via its <a href=\"https:\/\/blackthornsdesign.com\/en\/contact-us\/\">contact form<\/a>.<\/p>\n\n\n\n<h2 class=\"wp-block-heading caps\">3. Intellectual Property<\/h2>\n\n\n\n<p class=\"translation-block\">The general structure of the Site, Feeds, Applications, Newsletters and all content made available, as well as Platform Content (audio, text, visual, photographs, infographics, slideshows, videos...) and all other component elements (such as graphic charter, logos, trademarks, content names and domain names...), and all technologies provided in relation to the Site and Applications are protected under intellectual property rights.<\/p>\n\n\n\n<p>Any unauthorised use of the site or any of the elements it contains will be considered as an infringement and will be prosecuted in accordance with the provisions of articles L.335-2 and following of the Intellectual Property Code.<\/p>\n\n\n\n<h2 class=\"wp-block-heading caps\">4. Player Usage<\/h2>\n\n\n\n<p>STUDIO BLACKTHORNS\u00ae uses content players or players provided by third-party distribution platforms or services on its Site.<\/p>\n\n\n\n<p>User integration of these players to share content published by STUDIO BLACKTHORNS\u00ae and SUPERPOTION\u2122 must comply with the terms of use of the third-party distribution platforms or services from which they originate.<\/p>\n\n\n\n<p>Without prior written authorisation from STUDIO BLACKTHORNS\u00ae, it is prohibited to use players to aggregate STUDIO BLACKTHORNS\u00ae and SUPERPOTION\u2122 content to a separate destination that substantially replicates the services offered by STUDIO BLACKTHORNS\u00ae or incorporates a content service where STUDIO BLACKTHORNS\u00ae content forms a significant portion.<\/p>\n\n\n\n<h2 class=\"wp-block-heading caps\">5. External Links<\/h2>\n\n\n\n<p>STUDIO BLACKTHORNS\u00ae or third parties may establish links to other sites or sources. STUDIO BLACKTHORNS\u00ae has no means to control these sites and sources and does not guarantee their availability. STUDIO BLACKTHORNS\u00ae does not claim ownership of content accessed through these sites or sources and excludes all liability regarding such content.<\/p>\n\n\n\n<p>However, if any links from the Site, Feeds, Applications or Newsletters published by STUDIO BLACKTHORNS\u00ae contain a link to illegal content, STUDIO BLACKTHORNS\u00ae will remove the link to such content after being notified of said content.<\/p>\n\n\n\n<h2 class=\"wp-block-heading caps\">5. Personal Data<\/h2>\n\n\n\n<p class=\"translation-block\">STUDIO BLACKTHORNS\u00ae places great importance on protecting users' personal data. STUDIO BLACKTHORNS\u00ae uses Plausible for its analytics, an ethical alternative to Google Analytics. With Plausible, users are not tracked and STUDIO BLACKTHORNS\u00ae does not collect personal data. Therefore, the Site does not display a cookie consent banner as this alternative complies with GDPR.<\/p>\n\n\n\n<p>STUDIO BLACKTHORNS\u00ae uses personal information collected from users to provide its services and ensure Newsletter distribution and track registrations and invitations to events it organises.<\/p>\n\n\n\n<p>In accordance with the French Data Protection Act of 6 January 1978, users have rights to access, rectify and oppose their personal data. This right can be exercised either by modifying personal information via received emails or by email using Studio Blackthorns' <a href=\"https:\/\/blackthornsdesign.com\/en\/contact-us\/\">contact form<\/a>.<\/p>\n\n\n\n<p>STUDIO BLACKTHORNS\u00ae may aggregate global statistics and general demographic information about users and their activities that do not identify them individually.<\/p>\n\n\n\n<h2 class=\"wp-block-heading caps\">7. Applicable Law<\/h2>\n\n\n\n<p>These Terms of Use are governed by French law.<\/p>\n<\/div><\/section>\n\n\n\n<div style=\"height:100px\" aria-hidden=\"true\" class=\"wp-block-spacer\"><\/div>","protected":false},"excerpt":{"rendered":"","protected":false},"author":1,"featured_media":0,"parent":0,"menu_order":10,"comment_status":"open","ping_status":"closed","template":"","meta":{"_uag_custom_page_level_css":"","footnotes":""},"class_list":["post-44","page","type-page","status-publish","hentry"],"yoast_head":"<!-- This site is optimized with the Yoast SEO plugin v27.4 - https:\/\/yoast.com\/product\/yoast-seo-wordpress\/ -->\n<title>Mentions L\u00e9gales &amp; CGU - Studio Blackthorns<\/title>\n<meta name=\"description\" content=\"Studio Blackthorns d\u00e9fend la protection des donn\u00e9es personnelles en utilisant Plausible, une alternative \u00e9thique \u00e0 Google Analytics.\" \/>\n<meta name=\"robots\" content=\"index, follow, max-snippet:-1, max-image-preview:large, max-video-preview:-1\" \/>\n<link rel=\"canonical\" href=\"https:\/\/blackthornsdesign.com\/en\/legal-notice-terms-of-use\/\" \/>\n<meta property=\"og:locale\" content=\"en_US\" \/>\n<meta property=\"og:type\" content=\"article\" \/>\n<meta property=\"og:title\" content=\"Mentions L\u00e9gales &amp; CGU - Studio Blackthorns\" \/>\n<meta property=\"og:description\" content=\"Studio Blackthorns d\u00e9fend la protection des donn\u00e9es personnelles en utilisant Plausible, une alternative \u00e9thique \u00e0 Google Analytics.\" \/>\n<meta property=\"og:url\" content=\"https:\/\/blackthornsdesign.com\/en\/legal-notice-terms-of-use\/\" \/>\n<meta property=\"og:site_name\" content=\"Blackthorns\" \/>\n<meta property=\"article:publisher\" content=\"https:\/\/www.facebook.com\/studioblackthorns\" \/>\n<meta property=\"article:modified_time\" content=\"2025-11-02T00:32:44+00:00\" \/>\n<meta property=\"og:image\" content=\"https:\/\/blackthornsdesign.com\/wp-content\/uploads\/Wall-Of-cans-366-cans-challenge.jpg\" \/>\n\t<meta property=\"og:image:width\" content=\"2000\" \/>\n\t<meta property=\"og:image:height\" content=\"1200\" \/>\n\t<meta property=\"og:image:type\" content=\"image\/jpeg\" \/>\n<script type=\"application\/ld+json\" class=\"yoast-schema-graph\">{\"@context\":\"https:\\\/\\\/schema.org\",\"@graph\":[{\"@type\":[\"Article\",\"BlogPosting\"],\"@id\":\"https:\\\/\\\/blackthornsdesign.com\\\/mentions-legales\\\/#article\",\"isPartOf\":{\"@id\":\"https:\\\/\\\/blackthornsdesign.com\\\/mentions-legales\\\/\"},\"author\":{\"name\":\"blackthorns\",\"@id\":\"https:\\\/\\\/blackthornsdesign.com\\\/#\\\/schema\\\/person\\\/52ac7f9fe33a7ec9b2b7acc6f29155f8\"},\"headline\":\"Mentions l\u00e9gales &#038; CGU\",\"datePublished\":\"2014-04-22T14:27:45+00:00\",\"dateModified\":\"2025-11-02T00:32:44+00:00\",\"mainEntityOfPage\":{\"@id\":\"https:\\\/\\\/blackthornsdesign.com\\\/mentions-legales\\\/\"},\"wordCount\":894,\"commentCount\":0,\"publisher\":{\"@id\":\"https:\\\/\\\/blackthornsdesign.com\\\/#organization\"},\"inLanguage\":\"en-US\",\"potentialAction\":[{\"@type\":\"CommentAction\",\"name\":\"Comment\",\"target\":[\"https:\\\/\\\/blackthornsdesign.com\\\/mentions-legales\\\/#respond\"]}]},{\"@type\":\"WebPage\",\"@id\":\"https:\\\/\\\/blackthornsdesign.com\\\/mentions-legales\\\/\",\"url\":\"https:\\\/\\\/blackthornsdesign.com\\\/mentions-legales\\\/\",\"name\":\"Mentions L\u00e9gales & CGU - Studio Blackthorns\",\"isPartOf\":{\"@id\":\"https:\\\/\\\/blackthornsdesign.com\\\/#website\"},\"datePublished\":\"2014-04-22T14:27:45+00:00\",\"dateModified\":\"2025-11-02T00:32:44+00:00\",\"description\":\"Studio Blackthorns d\u00e9fend la protection des donn\u00e9es personnelles en utilisant Plausible, une alternative \u00e9thique \u00e0 Google Analytics.\",\"breadcrumb\":{\"@id\":\"https:\\\/\\\/blackthornsdesign.com\\\/mentions-legales\\\/#breadcrumb\"},\"inLanguage\":\"en-US\",\"potentialAction\":[{\"@type\":\"ReadAction\",\"target\":[\"https:\\\/\\\/blackthornsdesign.com\\\/mentions-legales\\\/\"]}]},{\"@type\":\"BreadcrumbList\",\"@id\":\"https:\\\/\\\/blackthornsdesign.com\\\/mentions-legales\\\/#breadcrumb\",\"itemListElement\":[{\"@type\":\"ListItem\",\"position\":1,\"name\":\"Accueil\",\"item\":\"https:\\\/\\\/blackthornsdesign.com\\\/\"},{\"@type\":\"ListItem\",\"position\":2,\"name\":\"Mentions l\u00e9gales &#038; CGU\"}]},{\"@type\":\"WebSite\",\"@id\":\"https:\\\/\\\/blackthornsdesign.com\\\/#website\",\"url\":\"https:\\\/\\\/blackthornsdesign.com\\\/\",\"name\":\"Studio Blackthorns\",\"description\":\"Agence de design pour les marques de boisson, bi\u00e8res, vin et spiriteux\",\"publisher\":{\"@id\":\"https:\\\/\\\/blackthornsdesign.com\\\/#organization\"},\"potentialAction\":[{\"@type\":\"SearchAction\",\"target\":{\"@type\":\"EntryPoint\",\"urlTemplate\":\"https:\\\/\\\/blackthornsdesign.com\\\/?s={search_term_string}\"},\"query-input\":{\"@type\":\"PropertyValueSpecification\",\"valueRequired\":true,\"valueName\":\"search_term_string\"}}],\"inLanguage\":\"en-US\"},{\"@type\":\"Organization\",\"@id\":\"https:\\\/\\\/blackthornsdesign.com\\\/#organization\",\"name\":\"Studio Blackthorns\",\"alternateName\":\"Blackthorns\",\"url\":\"https:\\\/\\\/blackthornsdesign.com\\\/\",\"logo\":{\"@type\":\"ImageObject\",\"inLanguage\":\"en-US\",\"@id\":\"https:\\\/\\\/blackthornsdesign.com\\\/#\\\/schema\\\/logo\\\/image\\\/\",\"url\":\"https:\\\/\\\/blackthornsdesign.com\\\/wp-content\\\/uploads\\\/Blackthorns_2022_logo_light_background-scaled.jpg\",\"contentUrl\":\"https:\\\/\\\/blackthornsdesign.com\\\/wp-content\\\/uploads\\\/Blackthorns_2022_logo_light_background-scaled.jpg\",\"width\":3000,\"height\":2121,\"caption\":\"Studio Blackthorns\"},\"image\":{\"@id\":\"https:\\\/\\\/blackthornsdesign.com\\\/#\\\/schema\\\/logo\\\/image\\\/\"},\"sameAs\":[\"https:\\\/\\\/www.facebook.com\\\/studioblackthorns\",\"https:\\\/\\\/www.linkedin.com\\\/company\\\/studioblackthorns\",\"https:\\\/\\\/www.youtube.com\\\/@studioblackthorns\",\"https:\\\/\\\/www.instagram.com\\\/studioblackthorns\",\"https:\\\/\\\/fr.pinterest.com\\\/studioblackthorns\\\/\"]},{\"@type\":\"Person\",\"@id\":\"https:\\\/\\\/blackthornsdesign.com\\\/#\\\/schema\\\/person\\\/52ac7f9fe33a7ec9b2b7acc6f29155f8\",\"name\":\"blackthorns\"}]}<\/script>\n<!-- \/ Yoast SEO plugin. -->","yoast_head_json":{"title":"Terms &amp; Conditions - Studio Blackthorns","description":"Studio Blackthorns defends the protection of personal data using Plausible, an ethical alternative to Google Analytics.","robots":{"index":"index","follow":"follow","max-snippet":"max-snippet:-1","max-image-preview":"max-image-preview:large","max-video-preview":"max-video-preview:-1"},"canonical":"https:\/\/blackthornsdesign.com\/en\/legal-notice-terms-of-use\/","og_locale":"en_US","og_type":"article","og_title":"Mentions L\u00e9gales & CGU - Studio Blackthorns","og_description":"Studio Blackthorns d\u00e9fend la protection des donn\u00e9es personnelles en utilisant Plausible, une alternative \u00e9thique \u00e0 Google Analytics.","og_url":"https:\/\/blackthornsdesign.com\/en\/legal-notice-terms-of-use\/","og_site_name":"Blackthorns","article_publisher":"https:\/\/www.facebook.com\/studioblackthorns","article_modified_time":"2025-11-02T00:32:44+00:00","og_image":[{"width":2000,"height":1200,"url":"https:\/\/blackthornsdesign.com\/wp-content\/uploads\/Wall-Of-cans-366-cans-challenge.jpg","type":"image\/jpeg"}],"schema":{"@context":"https:\/\/schema.org","@graph":[{"@type":["Article","BlogPosting"],"@id":"https:\/\/blackthornsdesign.com\/mentions-legales\/#article","isPartOf":{"@id":"https:\/\/blackthornsdesign.com\/mentions-legales\/"},"author":{"name":"blackthorns","@id":"https:\/\/blackthornsdesign.com\/#\/schema\/person\/52ac7f9fe33a7ec9b2b7acc6f29155f8"},"headline":"Mentions l\u00e9gales &#038; CGU","datePublished":"2014-04-22T14:27:45+00:00","dateModified":"2025-11-02T00:32:44+00:00","mainEntityOfPage":{"@id":"https:\/\/blackthornsdesign.com\/mentions-legales\/"},"wordCount":894,"commentCount":0,"publisher":{"@id":"https:\/\/blackthornsdesign.com\/#organization"},"inLanguage":"en-US","potentialAction":[{"@type":"CommentAction","name":"Comment","target":["https:\/\/blackthornsdesign.com\/mentions-legales\/#respond"]}]},{"@type":"WebPage","@id":"https:\/\/blackthornsdesign.com\/mentions-legales\/","url":"https:\/\/blackthornsdesign.com\/mentions-legales\/","name":"Terms &amp; Conditions - Studio Blackthorns","isPartOf":{"@id":"https:\/\/blackthornsdesign.com\/#website"},"datePublished":"2014-04-22T14:27:45+00:00","dateModified":"2025-11-02T00:32:44+00:00","description":"Studio Blackthorns defends the protection of personal data using Plausible, an ethical alternative to Google Analytics.","breadcrumb":{"@id":"https:\/\/blackthornsdesign.com\/mentions-legales\/#breadcrumb"},"inLanguage":"en-US","potentialAction":[{"@type":"ReadAction","target":["https:\/\/blackthornsdesign.com\/mentions-legales\/"]}]},{"@type":"BreadcrumbList","@id":"https:\/\/blackthornsdesign.com\/mentions-legales\/#breadcrumb","itemListElement":[{"@type":"ListItem","position":1,"name":"Accueil","item":"https:\/\/blackthornsdesign.com\/"},{"@type":"ListItem","position":2,"name":"Mentions l\u00e9gales &#038; CGU"}]},{"@type":"WebSite","@id":"https:\/\/blackthornsdesign.com\/#website","url":"https:\/\/blackthornsdesign.com\/","name":"Studio Blackthorns","description":"Design agency for beverage, beer, wine and spirits brands","publisher":{"@id":"https:\/\/blackthornsdesign.com\/#organization"},"potentialAction":[{"@type":"SearchAction","target":{"@type":"EntryPoint","urlTemplate":"https:\/\/blackthornsdesign.com\/?s={search_term_string}"},"query-input":{"@type":"PropertyValueSpecification","valueRequired":true,"valueName":"search_term_string"}}],"inLanguage":"en-US"},{"@type":"Organization","@id":"https:\/\/blackthornsdesign.com\/#organization","name":"Studio Blackthorns","alternateName":"Blackthorns","url":"https:\/\/blackthornsdesign.com\/","logo":{"@type":"ImageObject","inLanguage":"en-US","@id":"https:\/\/blackthornsdesign.com\/#\/schema\/logo\/image\/","url":"https:\/\/blackthornsdesign.com\/wp-content\/uploads\/Blackthorns_2022_logo_light_background-scaled.jpg","contentUrl":"https:\/\/blackthornsdesign.com\/wp-content\/uploads\/Blackthorns_2022_logo_light_background-scaled.jpg","width":3000,"height":2121,"caption":"Studio Blackthorns"},"image":{"@id":"https:\/\/blackthornsdesign.com\/#\/schema\/logo\/image\/"},"sameAs":["https:\/\/www.facebook.com\/studioblackthorns","https:\/\/www.linkedin.com\/company\/studioblackthorns","https:\/\/www.youtube.com\/@studioblackthorns","https:\/\/www.instagram.com\/studioblackthorns","https:\/\/fr.pinterest.com\/studioblackthorns\/"]},{"@type":"Person","@id":"https:\/\/blackthornsdesign.com\/#\/schema\/person\/52ac7f9fe33a7ec9b2b7acc6f29155f8","name":"blackthorns"}]}},"spectra_custom_meta":{"_edit_last":["1"],"_edit_lock":["1762275984:1"],"_wp_page_template":["default"],"_yoast_wpseo_focuskw":["mentions l\u00e9gales"],"_yoast_wpseo_metadesc":["Studio Blackthorns d\u00e9fend la protection des donn\u00e9es personnelles en utilisant Plausible, une alternative \u00e9thique \u00e0 Google Analytics."],"_yoast_wpseo_title":["Mentions L\u00e9gales & CGU - Studio Blackthorns"],"_schema_disable_body":[""],"_schema_disable_post":[""],"_yoast_wpseo_focuskw_text_input":["mentions l\u00e9gales"],"_yoast_wpseo_content_score":["30"],"uagb_style_timestamp-js":["1574491681"],"_trp_translated_slug_en_US":["legal-notice-terms-of-use"],"_yoast_wpseo_estimated-reading-time-minutes":["5"],"zeroneit_featherlight_disable":[""],"footnotes":[""],"ilj_blacklistdefinition":["a:0:{}"],"ilj_linkdefinition":["a:0:{}"],"_yoast_wpseo_linkdex":["72"],"_yoast_wpseo_wordproof_timestamp":[""],"wpil_sync_report3":["1"],"_uagb_previous_block_counts":["a:90:{s:21:\"uagb\/advanced-heading\";i:0;s:15:\"uagb\/blockquote\";i:0;s:12:\"uagb\/buttons\";i:0;s:18:\"uagb\/buttons-child\";i:0;s:19:\"uagb\/call-to-action\";i:0;s:15:\"uagb\/cf7-styler\";i:0;s:11:\"uagb\/column\";i:0;s:12:\"uagb\/columns\";i:0;s:14:\"uagb\/container\";i:0;s:21:\"uagb\/content-timeline\";i:0;s:27:\"uagb\/content-timeline-child\";i:0;s:14:\"uagb\/countdown\";i:0;s:12:\"uagb\/counter\";i:0;s:8:\"uagb\/faq\";i:0;s:14:\"uagb\/faq-child\";i:0;s:10:\"uagb\/forms\";i:0;s:17:\"uagb\/forms-accept\";i:0;s:19:\"uagb\/forms-checkbox\";i:0;s:15:\"uagb\/forms-date\";i:0;s:16:\"uagb\/forms-email\";i:0;s:17:\"uagb\/forms-hidden\";i:0;s:15:\"uagb\/forms-name\";i:0;s:16:\"uagb\/forms-phone\";i:0;s:16:\"uagb\/forms-radio\";i:0;s:17:\"uagb\/forms-select\";i:0;s:19:\"uagb\/forms-textarea\";i:0;s:17:\"uagb\/forms-toggle\";i:0;s:14:\"uagb\/forms-url\";i:0;s:14:\"uagb\/gf-styler\";i:0;s:15:\"uagb\/google-map\";i:0;s:11:\"uagb\/how-to\";i:0;s:16:\"uagb\/how-to-step\";i:0;s:9:\"uagb\/icon\";i:0;s:14:\"uagb\/icon-list\";i:0;s:20:\"uagb\/icon-list-child\";i:0;s:10:\"uagb\/image\";i:0;s:18:\"uagb\/image-gallery\";i:0;s:13:\"uagb\/info-box\";i:0;s:18:\"uagb\/inline-notice\";i:0;s:11:\"uagb\/lottie\";i:0;s:21:\"uagb\/marketing-button\";i:0;s:10:\"uagb\/modal\";i:0;s:18:\"uagb\/popup-builder\";i:0;s:16:\"uagb\/post-button\";i:0;s:18:\"uagb\/post-carousel\";i:0;s:17:\"uagb\/post-excerpt\";i:0;s:14:\"uagb\/post-grid\";i:0;s:15:\"uagb\/post-image\";i:0;s:17:\"uagb\/post-masonry\";i:0;s:14:\"uagb\/post-meta\";i:0;s:18:\"uagb\/post-taxonomy\";i:0;s:18:\"uagb\/post-timeline\";i:0;s:15:\"uagb\/post-title\";i:0;s:20:\"uagb\/restaurant-menu\";i:0;s:26:\"uagb\/restaurant-menu-child\";i:0;s:11:\"uagb\/review\";i:0;s:12:\"uagb\/section\";i:1;s:14:\"uagb\/separator\";i:0;s:11:\"uagb\/slider\";i:0;s:17:\"uagb\/slider-child\";i:0;s:17:\"uagb\/social-share\";i:0;s:23:\"uagb\/social-share-child\";i:0;s:16:\"uagb\/star-rating\";i:0;s:23:\"uagb\/sure-cart-checkout\";i:0;s:22:\"uagb\/sure-cart-product\";i:0;s:15:\"uagb\/sure-forms\";i:0;s:22:\"uagb\/table-of-contents\";i:0;s:9:\"uagb\/tabs\";i:0;s:15:\"uagb\/tabs-child\";i:0;s:18:\"uagb\/taxonomy-list\";i:0;s:9:\"uagb\/team\";i:0;s:16:\"uagb\/testimonial\";i:0;s:14:\"uagb\/wp-search\";i:0;s:19:\"uagb\/instagram-feed\";i:0;s:10:\"uagb\/login\";i:0;s:17:\"uagb\/loop-builder\";i:0;s:18:\"uagb\/loop-category\";i:0;s:20:\"uagb\/loop-pagination\";i:0;s:15:\"uagb\/loop-reset\";i:0;s:16:\"uagb\/loop-search\";i:0;s:14:\"uagb\/loop-sort\";i:0;s:17:\"uagb\/loop-wrapper\";i:0;s:13:\"uagb\/register\";i:0;s:19:\"uagb\/register-email\";i:0;s:24:\"uagb\/register-first-name\";i:0;s:23:\"uagb\/register-last-name\";i:0;s:22:\"uagb\/register-password\";i:0;s:30:\"uagb\/register-reenter-password\";i:0;s:19:\"uagb\/register-terms\";i:0;s:22:\"uagb\/register-username\";i:0;}"],"_uagb_last_spectra_edit":["1776835590"]},"uagb_featured_image_src":{"full":false,"thumbnail":false,"medium":false,"medium_large":false,"large":false,"1536x1536":false,"2048x2048":false,"trp-custom-language-flag":false,"gform-image-choice-sm":false,"gform-image-choice-md":false,"gform-image-choice-lg":false},"uagb_author_info":{"display_name":"blackthorns","author_link":"https:\/\/blackthornsdesign.com\/en\/blog\/author\/blackthorns\/"},"uagb_comment_info":0,"uagb_excerpt":null,"_links":{"self":[{"href":"https:\/\/blackthornsdesign.com\/en\/wp-json\/wp\/v2\/pages\/44","targetHints":{"allow":["GET"]}}],"collection":[{"href":"https:\/\/blackthornsdesign.com\/en\/wp-json\/wp\/v2\/pages"}],"about":[{"href":"https:\/\/blackthornsdesign.com\/en\/wp-json\/wp\/v2\/types\/page"}],"author":[{"embeddable":true,"href":"https:\/\/blackthornsdesign.com\/en\/wp-json\/wp\/v2\/users\/1"}],"replies":[{"embeddable":true,"href":"https:\/\/blackthornsdesign.com\/en\/wp-json\/wp\/v2\/comments?post=44"}],"version-history":[{"count":0,"href":"https:\/\/blackthornsdesign.com\/en\/wp-json\/wp\/v2\/pages\/44\/revisions"}],"wp:attachment":[{"href":"https:\/\/blackthornsdesign.com\/en\/wp-json\/wp\/v2\/media?parent=44"}],"curies":[{"name":"wp","href":"https:\/\/api.w.org\/{rel}","templated":true}]}}