{"id":7023,"date":"2023-08-31T16:16:29","date_gmt":"2023-08-31T15:16:29","guid":{"rendered":"https:\/\/blackthornsdesign.com\/?page_id=7023"},"modified":"2026-03-10T20:53:03","modified_gmt":"2026-03-10T19:53:03","slug":"insights","status":"publish","type":"page","link":"https:\/\/blackthornsdesign.com\/en\/offres-et-services\/","title":{"rendered":"Decipher the major trends"},"content":{"rendered":"<div class=\"wp-block-uagb-container uagb-block-71846600 alignfull uagb-is-root-container\"><div class=\"uagb-container-inner-blocks-wrap\">\n<p class=\"scopeofwork\"><strong><a href=\"https:\/\/superpotion.fr\/\" type=\"link\" id=\"https:\/\/superpotion.fr\/\" target=\"_blank\" rel=\"noreferrer noopener\">\u2192 Discover SUPERPOTION\u2122<\/a><\/strong><br><em>Also available in <a href=\"https:\/\/smartlink.ausha.co\/superpotion\" target=\"_blank\" rel=\"noreferrer noopener\">podcast<\/a> and on <a href=\"https:\/\/www.youtube.com\/@superpotiontalk\" type=\"link\" id=\"https:\/\/www.youtube.com\/@superpotiontalk\" target=\"_blank\" rel=\"noreferrer noopener\">YouTube<\/a>.<\/em><\/p>\n<\/div><\/div>\n\n\n\n<div style=\"height:100px\" aria-hidden=\"true\" class=\"wp-block-spacer\"><\/div>\n\n\n\n<div class=\"wp-block-uagb-container uagb-block-ed59321e alignfull uagb-is-root-container\"><div class=\"uagb-container-inner-blocks-wrap\">\n<section class=\"wp-block-uagb-container uagb-block-2a744969 alignfull uagb-is-root-container\"><div data-aos= \"fade-up\" data-aos-duration=\"400\" data-aos-delay=\"0\" data-aos-easing=\"ease\" data-aos-once=\"true\" class=\"uagb-container-inner-blocks-wrap\">\n<div class=\"wp-block-uagb-container uagb-block-221f038f\">\n<div class=\"wp-block-uagb-image uagb-block-0191ec0e wp-block-uagb-image--layout-default wp-block-uagb-image--effect-zoomin wp-block-uagb-image--align-none\"><figure class=\"wp-block-uagb-image__figure\"><img decoding=\"async\" srcset=\"https:\/\/blackthornsdesign.com\/wp-content\/uploads\/tendances_vins_spiritueux_2024_couverture.gif ,https:\/\/blackthornsdesign.com\/wp-content\/uploads\/tendances_vins_spiritueux_2024_couverture.gif 780w, https:\/\/blackthornsdesign.com\/wp-content\/uploads\/tendances_vins_spiritueux_2024_couverture.gif 360w\" sizes=\"auto, (max-width: 480px) 150px\" src=\"https:\/\/blackthornsdesign.com\/wp-content\/uploads\/tendances_vins_spiritueux_2024_couverture.gif\" alt=\"trends in wine and spirits consumption 2024-2025\" class=\"uag-image-7442\" width=\"468\" height=\"640\" title=\"tendances_vins_spiritueux_2024_couverture\" loading=\"lazy\" role=\"img\"\/><\/figure><\/div>\n<\/div>\n\n\n\n<div class=\"wp-block-uagb-container uagb-block-707706ad\">\n<h4 class=\"wp-block-heading\">Wine &amp; Spirits<\/h4>\n\n\n\n<p class=\"has-text-align-left\">Trends in wine and spirits consumption - Season 2025. 101-page strategic report, PDF format.<\/p>\n<\/div>\n\n\n\n<div class=\"wp-block-uagb-container uagb-block-f8335354\">\n<div class=\"wp-block-uagb-buttons uagb-buttons__outer-wrap uagb-btn__default-btn uagb-btn-tablet__default-btn uagb-btn-mobile__default-btn uagb-block-ddd5b6fb\"><div class=\"uagb-buttons__wrap uagb-buttons-layout-wrap\">\n<div class=\"wp-block-uagb-buttons-child uagb-buttons__outer-wrap uagb-block-abe7ada6 wp-block-button\"><div class=\"uagb-button__wrapper\"><a class=\"uagb-buttons-repeater wp-block-button__link\" aria-label=\"\" href=\"https:\/\/buy.stripe.com\/8wMg1T6pLak14z65kF\" rel=\"follow noopener\" target=\"_blank\" role=\"button\"><div class=\"uagb-button__link\"><strong>Buy \u2013 \u20ac99.95<\/strong><\/div><\/a><\/div><\/div>\n\n\n\n<div class=\"wp-block-uagb-buttons-child uagb-buttons__outer-wrap uagb-block-b5b867f0 wp-block-button\"><div class=\"uagb-button__wrapper\"><a class=\"uagb-buttons-repeater wp-block-button__link\" aria-label=\"\" href=\"https:\/\/blackthornsdesign.com\/en\/insights\/analysis-wine-spirits-consumption-trends\/\" rel=\"follow noopener\" target=\"_self\" role=\"button\"><div class=\"uagb-button__link\"><strong>See more<\/strong><\/div><\/a><\/div><\/div>\n<\/div><\/div>\n<\/div>\n<\/div><\/section>\n\n\n\n<section class=\"wp-block-uagb-container uagb-block-1a4a1963 alignfull uagb-is-root-container\"><div data-aos= \"fade-up\" data-aos-duration=\"400\" data-aos-delay=\"0\" data-aos-easing=\"ease\" data-aos-once=\"true\" class=\"uagb-container-inner-blocks-wrap\">\n<div class=\"wp-block-uagb-container uagb-block-28d63f37\">\n<div class=\"wp-block-uagb-image uagb-block-df0f8e54 wp-block-uagb-image--layout-default wp-block-uagb-image--effect-zoomin wp-block-uagb-image--align-none\"><figure class=\"wp-block-uagb-image__figure\"><img decoding=\"async\" srcset=\"https:\/\/blackthornsdesign.com\/wp-content\/uploads\/tendances_biere_2024_couverture.gif ,https:\/\/blackthornsdesign.com\/wp-content\/uploads\/tendances_biere_2024_couverture.gif 780w, https:\/\/blackthornsdesign.com\/wp-content\/uploads\/tendances_biere_2024_couverture.gif 360w\" sizes=\"auto, (max-width: 480px) 150px\" src=\"https:\/\/blackthornsdesign.com\/wp-content\/uploads\/tendances_biere_2024_couverture.gif\" alt=\"beer consumption trends 2024-2025\" class=\"uag-image-7371\" width=\"468\" height=\"640\" title=\"beer trends 2024 cover\" loading=\"lazy\" role=\"img\"\/><\/figure><\/div>\n<\/div>\n\n\n\n<div class=\"wp-block-uagb-container uagb-block-2dff015e\">\n<h4 class=\"wp-block-heading\">Beer deciphering<\/h4>\n\n\n\n<p class=\"has-text-align-left\">Trends in beer consumption - Season 2025. 63-page strategic report, PDF format.<\/p>\n<\/div>\n\n\n\n<div class=\"wp-block-uagb-container uagb-block-4ff24821\">\n<div class=\"wp-block-uagb-buttons uagb-buttons__outer-wrap uagb-btn__default-btn uagb-btn-tablet__default-btn uagb-btn-mobile__default-btn uagb-block-cfb7b081\"><div class=\"uagb-buttons__wrap uagb-buttons-layout-wrap\">\n<div class=\"wp-block-uagb-buttons-child uagb-buttons__outer-wrap uagb-block-90cf91b5 wp-block-button\"><div class=\"uagb-button__wrapper\"><a class=\"uagb-buttons-repeater wp-block-button__link\" aria-label=\"\" href=\"https:\/\/buy.stripe.com\/5kA5nfbK563Ld5CcN6\" rel=\"follow noopener\" target=\"_blank\" role=\"button\"><div class=\"uagb-button__link\"><strong>Buy \u2013 \u20ac99.95<\/strong><\/div><\/a><\/div><\/div>\n\n\n\n<div class=\"wp-block-uagb-buttons-child uagb-buttons__outer-wrap uagb-block-9444c77a wp-block-button\"><div class=\"uagb-button__wrapper\"><a class=\"uagb-buttons-repeater wp-block-button__link\" aria-label=\"\" href=\"https:\/\/blackthornsdesign.com\/en\/insights\/analysis-beer-consumption-trends\/\" rel=\"follow noopener\" target=\"_self\" role=\"button\"><div class=\"uagb-button__link\"><strong>See more<\/strong><\/div><\/a><\/div><\/div>\n<\/div><\/div>\n<\/div>\n<\/div><\/section>\n\n\n\n<section class=\"wp-block-uagb-container uagb-block-09c4b6fe alignfull uagb-is-root-container\"><div data-aos= \"fade-up\" data-aos-duration=\"400\" data-aos-delay=\"0\" data-aos-easing=\"ease\" data-aos-once=\"true\" class=\"uagb-container-inner-blocks-wrap\">\n<div class=\"wp-block-uagb-container uagb-block-1c3b1b81\">\n<div class=\"wp-block-uagb-image uagb-block-edbc0406 wp-block-uagb-image--layout-default wp-block-uagb-image--effect-zoomin wp-block-uagb-image--align-none\"><figure class=\"wp-block-uagb-image__figure\"><a class=\"\" href=\"https:\/\/blackthornsdesign.com\/en\/blog\/inspiration\/committed-branding-and-packaging-trends-for-the-future\/\" target=\"\" rel=\"noopener\"><img decoding=\"async\" srcset=\"https:\/\/blackthornsdesign.com\/wp-content\/uploads\/tendances_packaging_2024_couverture.gif ,https:\/\/blackthornsdesign.com\/wp-content\/uploads\/tendances_packaging_2024_couverture.gif 780w, https:\/\/blackthornsdesign.com\/wp-content\/uploads\/tendances_packaging_2024_couverture.gif 360w\" sizes=\"auto, (max-width: 480px) 150px\" src=\"https:\/\/blackthornsdesign.com\/wp-content\/uploads\/tendances_packaging_2024_couverture.gif\" alt=\"design and packaging trends 2024-2025\" class=\"uag-image-7356\" width=\"468\" height=\"640\" title=\"design and packaging trends 2024-2025\" loading=\"lazy\" role=\"img\"\/><\/a><\/figure><\/div>\n<\/div>\n\n\n\n<div class=\"wp-block-uagb-container uagb-block-42a3a65d\">\n<h4 class=\"wp-block-heading\">Decoding Design &amp; Packaging<\/h4>\n\n\n\n<p class=\"has-text-align-left\">Trends in Beverage Design &amp; Packaging - Season 2025. 66-page strategy report, PDF format.<\/p>\n<\/div>\n\n\n\n<div class=\"wp-block-uagb-container uagb-block-47ab10e2\">\n<div class=\"wp-block-uagb-buttons uagb-buttons__outer-wrap uagb-btn__default-btn uagb-btn-tablet__default-btn uagb-btn-mobile__default-btn uagb-block-efeaac68\"><div class=\"uagb-buttons__wrap uagb-buttons-layout-wrap\">\n<div class=\"wp-block-uagb-buttons-child uagb-buttons__outer-wrap uagb-block-6974e0e3 wp-block-button\"><div class=\"uagb-button__wrapper\"><a class=\"uagb-buttons-repeater wp-block-button__link\" aria-label=\"\" href=\"https:\/\/buy.stripe.com\/14kbLD5lHfElfdK5kH?utm_source=website&amp;utm_medium=ebook&amp;utm_campaign=designtrends2025\" rel=\"follow noopener\" target=\"_blank\" role=\"button\"><div class=\"uagb-button__link\"><strong>BUY \u2013 USD 49.95<\/strong><\/div><\/a><\/div><\/div>\n\n\n\n<div class=\"wp-block-uagb-buttons-child uagb-buttons__outer-wrap uagb-block-15220dcb wp-block-button\"><div class=\"uagb-button__wrapper\"><a class=\"uagb-buttons-repeater wp-block-button__link\" aria-label=\"\" href=\"https:\/\/blackthornsdesign.com\/en\/insights\/analysis-packaging-design\/\" rel=\"follow noopener\" target=\"_self\" role=\"button\"><div class=\"uagb-button__link\"><strong>See more<\/strong><\/div><\/a><\/div><\/div>\n<\/div><\/div>\n<\/div>\n<\/div><\/section>\n<\/div><\/div>\n\n\n\n<div style=\"height:200px\" aria-hidden=\"true\" class=\"wp-block-spacer\"><\/div>","protected":false},"excerpt":{"rendered":"<p>\u2192 Discover SUPERPOTION\u2122\nAlso available as a podcast and on YouTube.\nWine &amp; Spirits Deep Dive\nTrends in wine and spirits consumption \u2013 2025 Season.\n101-page strategic report, PDF format.\nBeer Deep Dive\nTrends in beer consumption \u2013 <a class=\"read-more\" href=\"https:\/\/blackthornsdesign.com\/en\/offres-et-services\/\">Find out more<\/a><\/p>","protected":false},"author":1,"featured_media":7089,"parent":0,"menu_order":4,"comment_status":"closed","ping_status":"closed","template":"template-offres-2024.php","meta":{"_uag_custom_page_level_css":"","footnotes":""},"class_list":["post-7023","page","type-page","status-publish","has-post-thumbnail","hentry"],"yoast_head":"<!-- This site is optimized with the Yoast SEO plugin v27.3 - https:\/\/yoast.com\/product\/yoast-seo-wordpress\/ -->\n<title>Conseil | Rapports strat\u00e9giques | M\u00e9thodes | Ateliers<\/title>\n<meta name=\"description\" content=\"Obtenez des insights exclusifs pour d\u00e9velopper votre activit\u00e9 gr\u00e2ce \u00e0 nos rapports strat\u00e9giques et s\u00e9ances de conseil personnalis\u00e9.\" \/>\n<meta name=\"robots\" content=\"index, follow, max-snippet:-1, max-image-preview:large, max-video-preview:-1\" \/>\n<link rel=\"canonical\" href=\"https:\/\/blackthornsdesign.com\/en\/insights\/\" \/>\n<meta property=\"og:locale\" content=\"en_US\" \/>\n<meta property=\"og:type\" content=\"article\" \/>\n<meta property=\"og:title\" content=\"Conseil | Rapports strat\u00e9giques | M\u00e9thodes | Ateliers\" \/>\n<meta property=\"og:description\" content=\"Obtenez des insights exclusifs pour d\u00e9velopper votre activit\u00e9 gr\u00e2ce \u00e0 nos rapports strat\u00e9giques et s\u00e9ances de conseil personnalis\u00e9.\" \/>\n<meta property=\"og:url\" content=\"https:\/\/blackthornsdesign.com\/en\/insights\/\" \/>\n<meta property=\"og:site_name\" content=\"Blackthorns\" \/>\n<meta property=\"article:publisher\" content=\"https:\/\/www.facebook.com\/studioblackthorns\" \/>\n<meta property=\"article:modified_time\" content=\"2026-03-10T19:53:03+00:00\" \/>\n<meta property=\"og:image\" content=\"https:\/\/blackthornsdesign.com\/wp-content\/uploads\/3rapports-strategiques_white-bg.jpg\" \/>\n\t<meta property=\"og:image:width\" content=\"650\" \/>\n\t<meta property=\"og:image:height\" content=\"433\" \/>\n\t<meta property=\"og:image:type\" content=\"image\/jpeg\" \/>\n<script type=\"application\/ld+json\" class=\"yoast-schema-graph\">{\"@context\":\"https:\\\/\\\/schema.org\",\"@graph\":[{\"@type\":[\"Article\",\"BlogPosting\"],\"@id\":\"https:\\\/\\\/blackthornsdesign.com\\\/offres-et-services\\\/#article\",\"isPartOf\":{\"@id\":\"https:\\\/\\\/blackthornsdesign.com\\\/offres-et-services\\\/\"},\"author\":{\"name\":\"blackthorns\",\"@id\":\"https:\\\/\\\/blackthornsdesign.com\\\/#\\\/schema\\\/person\\\/52ac7f9fe33a7ec9b2b7acc6f29155f8\"},\"headline\":\"D\u00e9cryptez\u00a0les\u00a0grandes\u00a0tendances\",\"datePublished\":\"2023-08-31T15:16:29+00:00\",\"dateModified\":\"2026-03-10T19:53:03+00:00\",\"mainEntityOfPage\":{\"@id\":\"https:\\\/\\\/blackthornsdesign.com\\\/offres-et-services\\\/\"},\"wordCount\":91,\"publisher\":{\"@id\":\"https:\\\/\\\/blackthornsdesign.com\\\/#organization\"},\"image\":{\"@id\":\"https:\\\/\\\/blackthornsdesign.com\\\/offres-et-services\\\/#primaryimage\"},\"thumbnailUrl\":\"https:\\\/\\\/blackthornsdesign.com\\\/wp-content\\\/uploads\\\/3rapports-strategiques_white-bg.jpg\",\"inLanguage\":\"en-US\"},{\"@type\":\"WebPage\",\"@id\":\"https:\\\/\\\/blackthornsdesign.com\\\/offres-et-services\\\/\",\"url\":\"https:\\\/\\\/blackthornsdesign.com\\\/offres-et-services\\\/\",\"name\":\"Conseil | Rapports strat\u00e9giques | M\u00e9thodes | Ateliers\",\"isPartOf\":{\"@id\":\"https:\\\/\\\/blackthornsdesign.com\\\/#website\"},\"primaryImageOfPage\":{\"@id\":\"https:\\\/\\\/blackthornsdesign.com\\\/offres-et-services\\\/#primaryimage\"},\"image\":{\"@id\":\"https:\\\/\\\/blackthornsdesign.com\\\/offres-et-services\\\/#primaryimage\"},\"thumbnailUrl\":\"https:\\\/\\\/blackthornsdesign.com\\\/wp-content\\\/uploads\\\/3rapports-strategiques_white-bg.jpg\",\"datePublished\":\"2023-08-31T15:16:29+00:00\",\"dateModified\":\"2026-03-10T19:53:03+00:00\",\"description\":\"Obtenez des insights exclusifs pour d\u00e9velopper votre activit\u00e9 gr\u00e2ce \u00e0 nos rapports strat\u00e9giques et s\u00e9ances de conseil personnalis\u00e9.\",\"breadcrumb\":{\"@id\":\"https:\\\/\\\/blackthornsdesign.com\\\/offres-et-services\\\/#breadcrumb\"},\"inLanguage\":\"en-US\",\"potentialAction\":[{\"@type\":\"ReadAction\",\"target\":[\"https:\\\/\\\/blackthornsdesign.com\\\/offres-et-services\\\/\"]}]},{\"@type\":\"ImageObject\",\"inLanguage\":\"en-US\",\"@id\":\"https:\\\/\\\/blackthornsdesign.com\\\/offres-et-services\\\/#primaryimage\",\"url\":\"https:\\\/\\\/blackthornsdesign.com\\\/wp-content\\\/uploads\\\/3rapports-strategiques_white-bg.jpg\",\"contentUrl\":\"https:\\\/\\\/blackthornsdesign.com\\\/wp-content\\\/uploads\\\/3rapports-strategiques_white-bg.jpg\",\"width\":650,\"height\":433,\"caption\":\"Bundle Rapports Strat\u00e9giques\"},{\"@type\":\"BreadcrumbList\",\"@id\":\"https:\\\/\\\/blackthornsdesign.com\\\/offres-et-services\\\/#breadcrumb\",\"itemListElement\":[{\"@type\":\"ListItem\",\"position\":1,\"name\":\"Accueil\",\"item\":\"https:\\\/\\\/blackthornsdesign.com\\\/\"},{\"@type\":\"ListItem\",\"position\":2,\"name\":\"D\u00e9cryptez\u00a0les\u00a0grandes\u00a0tendances\"}]},{\"@type\":\"WebSite\",\"@id\":\"https:\\\/\\\/blackthornsdesign.com\\\/#website\",\"url\":\"https:\\\/\\\/blackthornsdesign.com\\\/\",\"name\":\"Studio Blackthorns\",\"description\":\"Agence de design pour les marques de boisson, bi\u00e8res, vin et spiriteux\",\"publisher\":{\"@id\":\"https:\\\/\\\/blackthornsdesign.com\\\/#organization\"},\"potentialAction\":[{\"@type\":\"SearchAction\",\"target\":{\"@type\":\"EntryPoint\",\"urlTemplate\":\"https:\\\/\\\/blackthornsdesign.com\\\/?s={search_term_string}\"},\"query-input\":{\"@type\":\"PropertyValueSpecification\",\"valueRequired\":true,\"valueName\":\"search_term_string\"}}],\"inLanguage\":\"en-US\"},{\"@type\":\"Organization\",\"@id\":\"https:\\\/\\\/blackthornsdesign.com\\\/#organization\",\"name\":\"Studio Blackthorns\",\"url\":\"https:\\\/\\\/blackthornsdesign.com\\\/\",\"logo\":{\"@type\":\"ImageObject\",\"inLanguage\":\"en-US\",\"@id\":\"https:\\\/\\\/blackthornsdesign.com\\\/#\\\/schema\\\/logo\\\/image\\\/\",\"url\":\"https:\\\/\\\/blackthornsdesign.com\\\/wp-content\\\/uploads\\\/Blackthorns_2022_logo_light_background-scaled.jpg\",\"contentUrl\":\"https:\\\/\\\/blackthornsdesign.com\\\/wp-content\\\/uploads\\\/Blackthorns_2022_logo_light_background-scaled.jpg\",\"width\":3000,\"height\":2121,\"caption\":\"Studio Blackthorns\"},\"image\":{\"@id\":\"https:\\\/\\\/blackthornsdesign.com\\\/#\\\/schema\\\/logo\\\/image\\\/\"},\"sameAs\":[\"https:\\\/\\\/www.facebook.com\\\/studioblackthorns\",\"https:\\\/\\\/www.linkedin.com\\\/company\\\/studioblackthorns\",\"https:\\\/\\\/www.youtube.com\\\/@studioblackthorns\",\"https:\\\/\\\/www.instagram.com\\\/studioblackthorns\",\"https:\\\/\\\/fr.pinterest.com\\\/studioblackthorns\\\/\"]},{\"@type\":\"Person\",\"@id\":\"https:\\\/\\\/blackthornsdesign.com\\\/#\\\/schema\\\/person\\\/52ac7f9fe33a7ec9b2b7acc6f29155f8\",\"name\":\"blackthorns\"}]}<\/script>\n<!-- \/ Yoast SEO plugin. -->","yoast_head_json":{"title":"Consulting | Strategic reports | Methods | Workshops","description":"Get exclusive insights to develop your business with our strategic reports and personalized consulting sessions.","robots":{"index":"index","follow":"follow","max-snippet":"max-snippet:-1","max-image-preview":"max-image-preview:large","max-video-preview":"max-video-preview:-1"},"canonical":"https:\/\/blackthornsdesign.com\/en\/insights\/","og_locale":"en_US","og_type":"article","og_title":"Conseil | Rapports strat\u00e9giques | M\u00e9thodes | Ateliers","og_description":"Obtenez des insights exclusifs pour d\u00e9velopper votre activit\u00e9 gr\u00e2ce \u00e0 nos rapports strat\u00e9giques et s\u00e9ances de conseil personnalis\u00e9.","og_url":"https:\/\/blackthornsdesign.com\/en\/insights\/","og_site_name":"Blackthorns","article_publisher":"https:\/\/www.facebook.com\/studioblackthorns","article_modified_time":"2026-03-10T19:53:03+00:00","og_image":[{"width":650,"height":433,"url":"https:\/\/blackthornsdesign.com\/wp-content\/uploads\/3rapports-strategiques_white-bg.jpg","type":"image\/jpeg"}],"schema":{"@context":"https:\/\/schema.org","@graph":[{"@type":["Article","BlogPosting"],"@id":"https:\/\/blackthornsdesign.com\/offres-et-services\/#article","isPartOf":{"@id":"https:\/\/blackthornsdesign.com\/offres-et-services\/"},"author":{"name":"blackthorns","@id":"https:\/\/blackthornsdesign.com\/#\/schema\/person\/52ac7f9fe33a7ec9b2b7acc6f29155f8"},"headline":"D\u00e9cryptez\u00a0les\u00a0grandes\u00a0tendances","datePublished":"2023-08-31T15:16:29+00:00","dateModified":"2026-03-10T19:53:03+00:00","mainEntityOfPage":{"@id":"https:\/\/blackthornsdesign.com\/offres-et-services\/"},"wordCount":91,"publisher":{"@id":"https:\/\/blackthornsdesign.com\/#organization"},"image":{"@id":"https:\/\/blackthornsdesign.com\/offres-et-services\/#primaryimage"},"thumbnailUrl":"https:\/\/blackthornsdesign.com\/wp-content\/uploads\/3rapports-strategiques_white-bg.jpg","inLanguage":"en-US"},{"@type":"WebPage","@id":"https:\/\/blackthornsdesign.com\/offres-et-services\/","url":"https:\/\/blackthornsdesign.com\/offres-et-services\/","name":"Consulting | Strategic reports | Methods | Workshops","isPartOf":{"@id":"https:\/\/blackthornsdesign.com\/#website"},"primaryImageOfPage":{"@id":"https:\/\/blackthornsdesign.com\/offres-et-services\/#primaryimage"},"image":{"@id":"https:\/\/blackthornsdesign.com\/offres-et-services\/#primaryimage"},"thumbnailUrl":"https:\/\/blackthornsdesign.com\/wp-content\/uploads\/3rapports-strategiques_white-bg.jpg","datePublished":"2023-08-31T15:16:29+00:00","dateModified":"2026-03-10T19:53:03+00:00","description":"Get exclusive insights to develop your business with our strategic reports and personalized consulting sessions.","breadcrumb":{"@id":"https:\/\/blackthornsdesign.com\/offres-et-services\/#breadcrumb"},"inLanguage":"en-US","potentialAction":[{"@type":"ReadAction","target":["https:\/\/blackthornsdesign.com\/offres-et-services\/"]}]},{"@type":"ImageObject","inLanguage":"en-US","@id":"https:\/\/blackthornsdesign.com\/offres-et-services\/#primaryimage","url":"https:\/\/blackthornsdesign.com\/wp-content\/uploads\/3rapports-strategiques_white-bg.jpg","contentUrl":"https:\/\/blackthornsdesign.com\/wp-content\/uploads\/3rapports-strategiques_white-bg.jpg","width":650,"height":433,"caption":"Bundle Rapports Strat\u00e9giques"},{"@type":"BreadcrumbList","@id":"https:\/\/blackthornsdesign.com\/offres-et-services\/#breadcrumb","itemListElement":[{"@type":"ListItem","position":1,"name":"Accueil","item":"https:\/\/blackthornsdesign.com\/"},{"@type":"ListItem","position":2,"name":"D\u00e9cryptez\u00a0les\u00a0grandes\u00a0tendances"}]},{"@type":"WebSite","@id":"https:\/\/blackthornsdesign.com\/#website","url":"https:\/\/blackthornsdesign.com\/","name":"Studio Blackthorns","description":"Design agency for beverage, beer, wine and spirits brands","publisher":{"@id":"https:\/\/blackthornsdesign.com\/#organization"},"potentialAction":[{"@type":"SearchAction","target":{"@type":"EntryPoint","urlTemplate":"https:\/\/blackthornsdesign.com\/?s={search_term_string}"},"query-input":{"@type":"PropertyValueSpecification","valueRequired":true,"valueName":"search_term_string"}}],"inLanguage":"en-US"},{"@type":"Organization","@id":"https:\/\/blackthornsdesign.com\/#organization","name":"Studio Blackthorns","url":"https:\/\/blackthornsdesign.com\/","logo":{"@type":"ImageObject","inLanguage":"en-US","@id":"https:\/\/blackthornsdesign.com\/#\/schema\/logo\/image\/","url":"https:\/\/blackthornsdesign.com\/wp-content\/uploads\/Blackthorns_2022_logo_light_background-scaled.jpg","contentUrl":"https:\/\/blackthornsdesign.com\/wp-content\/uploads\/Blackthorns_2022_logo_light_background-scaled.jpg","width":3000,"height":2121,"caption":"Studio Blackthorns"},"image":{"@id":"https:\/\/blackthornsdesign.com\/#\/schema\/logo\/image\/"},"sameAs":["https:\/\/www.facebook.com\/studioblackthorns","https:\/\/www.linkedin.com\/company\/studioblackthorns","https:\/\/www.youtube.com\/@studioblackthorns","https:\/\/www.instagram.com\/studioblackthorns","https:\/\/fr.pinterest.com\/studioblackthorns\/"]},{"@type":"Person","@id":"https:\/\/blackthornsdesign.com\/#\/schema\/person\/52ac7f9fe33a7ec9b2b7acc6f29155f8","name":"blackthorns"}]}},"spectra_custom_meta":{"_edit_lock":["1773174008:1"],"_schema_disable_body":[""],"_schema_disable_post":[""],"_thumbnail_id":["7089"],"_edit_last":["1"],"ilj_blacklistdefinition":["a:0:{}"],"ilj_linkdefinition":["a:0:{}"],"zeroneit_featherlight_disable":[""],"_yoast_wpseo_estimated-reading-time-minutes":["2"],"_yoast_wpseo_wordproof_timestamp":[""],"_yoast_wpseo_content_score":["90"],"_yoast_wpseo_focuskw":["Conseil et rapports strat\u00e9giques"],"_yoast_wpseo_title":["Conseil | Rapports strat\u00e9giques | M\u00e9thodes | Ateliers"],"_yoast_wpseo_linkdex":["65"],"_wp_page_template":["template-offres-2024.php"],"_yoast_wpseo_metadesc":["Obtenez des insights exclusifs pour d\u00e9velopper votre activit\u00e9 gr\u00e2ce \u00e0 nos rapports strat\u00e9giques et s\u00e9ances de conseil personnalis\u00e9."],"footnotes":[""],"_trp_translated_slug_en_US":["insights"],"wpil_sync_report3":["1"],"wpil_related_posts_active":["1"]},"uagb_featured_image_src":{"full":["https:\/\/blackthornsdesign.com\/wp-content\/uploads\/3rapports-strategiques_white-bg.jpg",650,433,false],"thumbnail":["https:\/\/blackthornsdesign.com\/wp-content\/uploads\/3rapports-strategiques_white-bg-150x100.jpg",150,100,true],"medium":["https:\/\/blackthornsdesign.com\/wp-content\/uploads\/3rapports-strategiques_white-bg-640x426.jpg",640,426,true],"medium_large":["https:\/\/blackthornsdesign.com\/wp-content\/uploads\/3rapports-strategiques_white-bg.jpg",650,433,false],"large":["https:\/\/blackthornsdesign.com\/wp-content\/uploads\/3rapports-strategiques_white-bg.jpg",650,433,false],"1536x1536":["https:\/\/blackthornsdesign.com\/wp-content\/uploads\/3rapports-strategiques_white-bg.jpg",650,433,false],"2048x2048":["https:\/\/blackthornsdesign.com\/wp-content\/uploads\/3rapports-strategiques_white-bg.jpg",650,433,false],"trp-custom-language-flag":["https:\/\/blackthornsdesign.com\/wp-content\/uploads\/3rapports-strategiques_white-bg-18x12.jpg",18,12,true],"gform-image-choice-sm":["https:\/\/blackthornsdesign.com\/wp-content\/uploads\/3rapports-strategiques_white-bg.jpg",300,200,false],"gform-image-choice-md":["https:\/\/blackthornsdesign.com\/wp-content\/uploads\/3rapports-strategiques_white-bg.jpg",400,266,false],"gform-image-choice-lg":["https:\/\/blackthornsdesign.com\/wp-content\/uploads\/3rapports-strategiques_white-bg.jpg",600,400,false]},"uagb_author_info":{"display_name":"blackthorns","author_link":"https:\/\/blackthornsdesign.com\/en\/blog\/author\/blackthorns\/"},"uagb_comment_info":0,"uagb_excerpt":"\u2192 D\u00e9couvrir SUPERPOTION&#x2122;Aussi disponible en podcast et sur YouTube. D\u00e9cryptage Vins &amp; Spiritueux Tendances dans la consommation de vins et spiritueux \u2013 Saison 2025. Rapport strat\u00e9gique de 101 pages, format PDF. D\u00e9cryptage Bi\u00e8re Tendances dans la consommation de bi\u00e8re \u2013 En savoir +","_links":{"self":[{"href":"https:\/\/blackthornsdesign.com\/en\/wp-json\/wp\/v2\/pages\/7023","targetHints":{"allow":["GET"]}}],"collection":[{"href":"https:\/\/blackthornsdesign.com\/en\/wp-json\/wp\/v2\/pages"}],"about":[{"href":"https:\/\/blackthornsdesign.com\/en\/wp-json\/wp\/v2\/types\/page"}],"author":[{"embeddable":true,"href":"https:\/\/blackthornsdesign.com\/en\/wp-json\/wp\/v2\/users\/1"}],"replies":[{"embeddable":true,"href":"https:\/\/blackthornsdesign.com\/en\/wp-json\/wp\/v2\/comments?post=7023"}],"version-history":[{"count":0,"href":"https:\/\/blackthornsdesign.com\/en\/wp-json\/wp\/v2\/pages\/7023\/revisions"}],"wp:featuredmedia":[{"embeddable":true,"href":"https:\/\/blackthornsdesign.com\/en\/wp-json\/wp\/v2\/media\/7089"}],"wp:attachment":[{"href":"https:\/\/blackthornsdesign.com\/en\/wp-json\/wp\/v2\/media?parent=7023"}],"curies":[{"name":"wp","href":"https:\/\/api.w.org\/{rel}","templated":true}]}}