{"id":7229,"date":"2023-11-29T15:14:48","date_gmt":"2023-11-29T14:14:48","guid":{"rendered":"https:\/\/blackthornsdesign.com\/?page_id=7229"},"modified":"2025-02-07T13:04:41","modified_gmt":"2025-02-07T12:04:41","slug":"our-methodology","status":"publish","type":"page","link":"https:\/\/blackthornsdesign.com\/en\/methodes\/","title":{"rendered":"Our masterclasses"},"content":{"rendered":"<div class=\"wp-block-uagb-container uagb-block-ed59321e alignfull uagb-is-root-container\"><div class=\"uagb-container-inner-blocks-wrap\">\n<section class=\"wp-block-uagb-container uagb-block-ed969552 alignfull uagb-is-root-container\"><div data-aos= \"fade-up\" data-aos-duration=\"400\" data-aos-delay=\"0\" data-aos-easing=\"ease\" data-aos-once=\"true\" class=\"uagb-container-inner-blocks-wrap\">\n<div class=\"wp-block-uagb-container uagb-block-b9387cb6\">\n<div class=\"wp-block-uagb-image uagb-block-46ea1a28 wp-block-uagb-image--layout-default wp-block-uagb-image--effect-zoomin wp-block-uagb-image--align-none\"><figure class=\"wp-block-uagb-image__figure\"><a class=\"\" href=\"https:\/\/studioblackthorns.onlinecoursehost.com\/courses\/masterclass-ia-marketing-1\" target=\"_blank\" rel=\"noreferrer noopener\"><img decoding=\"async\" srcset=\"https:\/\/blackthornsdesign.com\/wp-content\/uploads\/Cover-1140x641.jpg ,https:\/\/blackthornsdesign.com\/wp-content\/uploads\/Cover.jpg 780w, https:\/\/blackthornsdesign.com\/wp-content\/uploads\/Cover.jpg 360w\" sizes=\"auto, (max-width: 480px) 150px\" src=\"https:\/\/blackthornsdesign.com\/wp-content\/uploads\/Cover-1140x641.jpg\" alt=\"\" class=\"uag-image-7526\" width=\"468\" height=\"640\" title=\"Cover\" loading=\"lazy\" role=\"img\"\/><\/a><\/figure><\/div>\n<\/div>\n\n\n\n<div class=\"wp-block-uagb-container uagb-block-6dd73abc\">\n<h4 class=\"wp-block-heading margintop0\">MASTERCLASS: How to integrate AI into your brand strategy? (VF)<\/h4>\n\n\n\n<p class=\"translation-block\">Create a complete brand, from concept to design by mastering artificial intelligence!<\/p>\n<\/div>\n\n\n\n<div class=\"wp-block-uagb-container uagb-block-b8a41082\">\n<div class=\"wp-block-uagb-buttons uagb-buttons__outer-wrap uagb-btn__default-btn uagb-btn-tablet__default-btn uagb-btn-mobile__default-btn uagb-block-6f000ffb\"><div class=\"uagb-buttons__wrap uagb-buttons-layout-wrap\">\n<div class=\"wp-block-uagb-buttons-child uagb-buttons__outer-wrap uagb-block-4a3afb72 wp-block-button\"><div class=\"uagb-button__wrapper\"><a class=\"uagb-buttons-repeater wp-block-button__link\" aria-label=\"\" href=\"https:\/\/studioblackthorns.onlinecoursehost.com\/courses\/masterclass-ia-marketing-1\" rel=\"follow noopener\" target=\"_blank\" role=\"button\"><div class=\"uagb-button__link\"><strong>Buy - \u20ac79.00<\/strong><\/div><\/a><\/div><\/div>\n<\/div><\/div>\n<\/div>\n<\/div><\/section>\n\n\n\n<section class=\"wp-block-uagb-container uagb-block-93929f73 alignfull uagb-is-root-container\"><div data-aos= \"fade-up\" data-aos-duration=\"400\" data-aos-delay=\"0\" data-aos-easing=\"ease\" data-aos-once=\"true\" class=\"uagb-container-inner-blocks-wrap\">\n<div class=\"wp-block-uagb-container uagb-block-98bf8ff5\">\n<div class=\"wp-block-uagb-image uagb-block-8bc1c6fc wp-block-uagb-image--layout-default wp-block-uagb-image--effect-zoomin wp-block-uagb-image--align-none\"><figure class=\"wp-block-uagb-image__figure\"><a class=\"\" href=\"https:\/\/themarketingexorcist.blackthornsdesign.com\/courses\/methode-hydre\" target=\"_blank\" rel=\"noreferrer noopener\"><img decoding=\"async\" srcset=\"https:\/\/blackthornsdesign.com\/wp-content\/uploads\/Diapositive6-1140x641.jpg ,https:\/\/blackthornsdesign.com\/wp-content\/uploads\/Diapositive6.jpg 780w, https:\/\/blackthornsdesign.com\/wp-content\/uploads\/Diapositive6.jpg 360w\" sizes=\"auto, (max-width: 480px) 150px\" src=\"https:\/\/blackthornsdesign.com\/wp-content\/uploads\/Diapositive6-1140x641.jpg\" alt=\"MASTERCLASS: Launch new beverages while protecting your brand\" class=\"uag-image-7524\" width=\"468\" height=\"640\" title=\"MASTERCLASS: Launch new beverages while protecting your brand\" loading=\"lazy\" role=\"img\"\/><\/a><\/figure><\/div>\n<\/div>\n\n\n\n<div class=\"wp-block-uagb-container uagb-block-e5fe06e0\">\n<h4 class=\"wp-block-heading\">MASTERCLASS: Launch new beverages while protecting your main brand (VF)<\/h4>\n\n\n\n<p>Diagnose the best architecture strategy for your brand. Minimize risks before investing in your product extensions' branding. Online video training + self-diagnostic + conclusion guide<\/p>\n<\/div>\n\n\n\n<div class=\"wp-block-uagb-container uagb-block-f7d5688c\">\n<div class=\"wp-block-uagb-buttons uagb-buttons__outer-wrap uagb-btn__default-btn uagb-btn-tablet__default-btn uagb-btn-mobile__default-btn uagb-block-cac8017f\"><div class=\"uagb-buttons__wrap uagb-buttons-layout-wrap\">\n<div class=\"wp-block-uagb-buttons-child uagb-buttons__outer-wrap uagb-block-c354b64e wp-block-button\"><div class=\"uagb-button__wrapper\"><a class=\"uagb-buttons-repeater wp-block-button__link\" aria-label=\"\" href=\"https:\/\/themarketingexorcist.blackthornsdesign.com\/courses\/methode-hydre\" rel=\"follow noopener\" target=\"_blank\" role=\"button\"><div class=\"uagb-button__link\"><strong>Buy - \u20ac99.00<\/strong><\/div><\/a><\/div><\/div>\n<\/div><\/div>\n<\/div>\n<\/div><\/section>\n\n\n\n<section class=\"wp-block-uagb-container uagb-block-0eb8639b alignfull uagb-is-root-container\"><div data-aos= \"fade-up\" data-aos-duration=\"400\" data-aos-delay=\"0\" data-aos-easing=\"ease\" data-aos-once=\"true\" class=\"uagb-container-inner-blocks-wrap\">\n<div class=\"wp-block-uagb-container uagb-block-6b1586da\">\n<div class=\"wp-block-uagb-image uagb-block-9f781225 wp-block-uagb-image--layout-default wp-block-uagb-image--effect-zoomin wp-block-uagb-image--align-none\"><figure class=\"wp-block-uagb-image__figure\"><a class=\"\" href=\"https:\/\/blackthornsdesign.com\/en\/our-methodology\/exorcisme-de-marque\/\" target=\"\" rel=\"noopener\"><img decoding=\"async\" srcset=\"https:\/\/blackthornsdesign.com\/wp-content\/uploads\/Guide-Exorcisme-2024-Cover-trans-523x640.jpg ,https:\/\/blackthornsdesign.com\/wp-content\/uploads\/Guide-Exorcisme-2024-Cover-trans.jpg 780w, https:\/\/blackthornsdesign.com\/wp-content\/uploads\/Guide-Exorcisme-2024-Cover-trans.jpg 360w\" sizes=\"auto, (max-width: 480px) 150px\" src=\"https:\/\/blackthornsdesign.com\/wp-content\/uploads\/Guide-Exorcisme-2024-Cover-trans-523x640.jpg\" alt=\"Rebranding guide\" class=\"uag-image-7221\" width=\"523\" height=\"640\" title=\"\" loading=\"lazy\" role=\"img\"\/><\/a><\/figure><\/div>\n<\/div>\n\n\n\n<div class=\"wp-block-uagb-container uagb-block-265f437a\">\n<h4 class=\"wp-block-heading\">How to perform a brand exorcism?<\/h4>\n\n\n\n<p class=\"has-text-align-left translation-block\">Our step-by-step methodology to redefine our clients' identity to boost their image and sales. Complete 37-page guide in PDF format.<\/p>\n<\/div>\n\n\n\n<div class=\"wp-block-uagb-container uagb-block-975884aa\">\n<div class=\"wp-block-uagb-buttons uagb-buttons__outer-wrap uagb-btn__default-btn uagb-btn-tablet__default-btn uagb-btn-mobile__default-btn uagb-block-8648680e\"><div class=\"uagb-buttons__wrap uagb-buttons-layout-wrap\">\n<div class=\"wp-block-uagb-buttons-child uagb-buttons__outer-wrap uagb-block-1a564885 wp-block-button\"><div class=\"uagb-button__wrapper\"><a class=\"uagb-buttons-repeater wp-block-button__link\" aria-label=\"\" href=\"https:\/\/blackthornsdesign.com\/en\/our-methodology\/exorcisme-de-marque\/\" rel=\"follow noopener\" target=\"_self\" role=\"button\"><div class=\"uagb-button__link\"><strong>Buy - \u20ac39.00<\/strong><\/div><\/a><\/div><\/div>\n<\/div><\/div>\n<\/div>\n<\/div><\/section>\n<\/div><\/div>\n\n\n\n<div style=\"height:200px\" aria-hidden=\"true\" class=\"wp-block-spacer\"><\/div>","protected":false},"excerpt":{"rendered":"<p>MASTERCLASS: How to integrate AI into your brand strategy? Create a complete brand, from concept to design, by mastering artificial intelligence! MASTERCLASS: Launch new beverages while protecting your core brand Diagnose the best architecture strategy for your brand. Minimize the risks before investing in branding your product extensions. Training <a class=\"read-more\" href=\"https:\/\/blackthornsdesign.com\/en\/methodes\/\">Find out more<\/a><\/p>","protected":false},"author":1,"featured_media":7157,"parent":0,"menu_order":3,"comment_status":"closed","ping_status":"closed","template":"template-methodes.php","meta":{"_uag_custom_page_level_css":"","footnotes":""},"class_list":["post-7229","page","type-page","status-publish","has-post-thumbnail","hentry"],"yoast_head":"<!-- This site is optimized with the Yoast SEO plugin v27.4 - https:\/\/yoast.com\/product\/yoast-seo-wordpress\/ -->\n<title>Masterclasses et Formations by Studio Blackthorns<\/title>\n<meta name=\"description\" content=\"Obtenez des insights exclusifs pour d\u00e9velopper votre entreprise ou marque gr\u00e2ce \u00e0 nos masterclasses et formations sur mesure.\" \/>\n<meta name=\"robots\" content=\"index, follow, max-snippet:-1, max-image-preview:large, max-video-preview:-1\" \/>\n<link rel=\"canonical\" href=\"https:\/\/blackthornsdesign.com\/en\/our-methodology\/\" \/>\n<meta property=\"og:locale\" content=\"en_US\" \/>\n<meta property=\"og:type\" content=\"article\" \/>\n<meta property=\"og:title\" content=\"Masterclasses et Formations by Studio Blackthorns\" \/>\n<meta property=\"og:description\" content=\"Obtenez des insights exclusifs pour d\u00e9velopper votre entreprise ou marque gr\u00e2ce \u00e0 nos masterclasses et formations sur mesure.\" \/>\n<meta property=\"og:url\" content=\"https:\/\/blackthornsdesign.com\/en\/our-methodology\/\" \/>\n<meta property=\"og:site_name\" content=\"Blackthorns\" \/>\n<meta property=\"article:publisher\" content=\"https:\/\/www.facebook.com\/studioblackthorns\" \/>\n<meta property=\"article:modified_time\" content=\"2025-02-07T12:04:41+00:00\" \/>\n<meta property=\"og:image\" content=\"https:\/\/blackthornsdesign.com\/wp-content\/uploads\/visuel-methode-HYDRE.jpg\" \/>\n\t<meta property=\"og:image:width\" content=\"2000\" \/>\n\t<meta property=\"og:image:height\" content=\"1131\" \/>\n\t<meta property=\"og:image:type\" content=\"image\/jpeg\" \/>\n<script type=\"application\/ld+json\" class=\"yoast-schema-graph\">{\"@context\":\"https:\\\/\\\/schema.org\",\"@graph\":[{\"@type\":[\"Article\",\"BlogPosting\"],\"@id\":\"https:\\\/\\\/blackthornsdesign.com\\\/methodes\\\/#article\",\"isPartOf\":{\"@id\":\"https:\\\/\\\/blackthornsdesign.com\\\/methodes\\\/\"},\"author\":{\"name\":\"blackthorns\",\"@id\":\"https:\\\/\\\/blackthornsdesign.com\\\/#\\\/schema\\\/person\\\/52ac7f9fe33a7ec9b2b7acc6f29155f8\"},\"headline\":\"Nos masterclasses\",\"datePublished\":\"2023-11-29T14:14:48+00:00\",\"dateModified\":\"2025-02-07T12:04:41+00:00\",\"mainEntityOfPage\":{\"@id\":\"https:\\\/\\\/blackthornsdesign.com\\\/methodes\\\/\"},\"wordCount\":128,\"publisher\":{\"@id\":\"https:\\\/\\\/blackthornsdesign.com\\\/#organization\"},\"image\":{\"@id\":\"https:\\\/\\\/blackthornsdesign.com\\\/methodes\\\/#primaryimage\"},\"thumbnailUrl\":\"https:\\\/\\\/blackthornsdesign.com\\\/wp-content\\\/uploads\\\/visuel-methode-HYDRE.jpg\",\"inLanguage\":\"en-US\"},{\"@type\":\"WebPage\",\"@id\":\"https:\\\/\\\/blackthornsdesign.com\\\/methodes\\\/\",\"url\":\"https:\\\/\\\/blackthornsdesign.com\\\/methodes\\\/\",\"name\":\"Masterclasses et Formations by Studio Blackthorns\",\"isPartOf\":{\"@id\":\"https:\\\/\\\/blackthornsdesign.com\\\/#website\"},\"primaryImageOfPage\":{\"@id\":\"https:\\\/\\\/blackthornsdesign.com\\\/methodes\\\/#primaryimage\"},\"image\":{\"@id\":\"https:\\\/\\\/blackthornsdesign.com\\\/methodes\\\/#primaryimage\"},\"thumbnailUrl\":\"https:\\\/\\\/blackthornsdesign.com\\\/wp-content\\\/uploads\\\/visuel-methode-HYDRE.jpg\",\"datePublished\":\"2023-11-29T14:14:48+00:00\",\"dateModified\":\"2025-02-07T12:04:41+00:00\",\"description\":\"Obtenez des insights exclusifs pour d\u00e9velopper votre entreprise ou marque gr\u00e2ce \u00e0 nos masterclasses et formations sur mesure.\",\"breadcrumb\":{\"@id\":\"https:\\\/\\\/blackthornsdesign.com\\\/methodes\\\/#breadcrumb\"},\"inLanguage\":\"en-US\",\"potentialAction\":[{\"@type\":\"ReadAction\",\"target\":[\"https:\\\/\\\/blackthornsdesign.com\\\/methodes\\\/\"]}]},{\"@type\":\"ImageObject\",\"inLanguage\":\"en-US\",\"@id\":\"https:\\\/\\\/blackthornsdesign.com\\\/methodes\\\/#primaryimage\",\"url\":\"https:\\\/\\\/blackthornsdesign.com\\\/wp-content\\\/uploads\\\/visuel-methode-HYDRE.jpg\",\"contentUrl\":\"https:\\\/\\\/blackthornsdesign.com\\\/wp-content\\\/uploads\\\/visuel-methode-HYDRE.jpg\",\"width\":2000,\"height\":1131,\"caption\":\"M\u00e9thode HYDRE\"},{\"@type\":\"BreadcrumbList\",\"@id\":\"https:\\\/\\\/blackthornsdesign.com\\\/methodes\\\/#breadcrumb\",\"itemListElement\":[{\"@type\":\"ListItem\",\"position\":1,\"name\":\"Accueil\",\"item\":\"https:\\\/\\\/blackthornsdesign.com\\\/\"},{\"@type\":\"ListItem\",\"position\":2,\"name\":\"Nos masterclasses\"}]},{\"@type\":\"WebSite\",\"@id\":\"https:\\\/\\\/blackthornsdesign.com\\\/#website\",\"url\":\"https:\\\/\\\/blackthornsdesign.com\\\/\",\"name\":\"Studio Blackthorns\",\"description\":\"Agence de design pour les marques de boisson, bi\u00e8res, vin et spiriteux\",\"publisher\":{\"@id\":\"https:\\\/\\\/blackthornsdesign.com\\\/#organization\"},\"potentialAction\":[{\"@type\":\"SearchAction\",\"target\":{\"@type\":\"EntryPoint\",\"urlTemplate\":\"https:\\\/\\\/blackthornsdesign.com\\\/?s={search_term_string}\"},\"query-input\":{\"@type\":\"PropertyValueSpecification\",\"valueRequired\":true,\"valueName\":\"search_term_string\"}}],\"inLanguage\":\"en-US\"},{\"@type\":\"Organization\",\"@id\":\"https:\\\/\\\/blackthornsdesign.com\\\/#organization\",\"name\":\"Studio Blackthorns\",\"alternateName\":\"Blackthorns\",\"url\":\"https:\\\/\\\/blackthornsdesign.com\\\/\",\"logo\":{\"@type\":\"ImageObject\",\"inLanguage\":\"en-US\",\"@id\":\"https:\\\/\\\/blackthornsdesign.com\\\/#\\\/schema\\\/logo\\\/image\\\/\",\"url\":\"https:\\\/\\\/blackthornsdesign.com\\\/wp-content\\\/uploads\\\/Blackthorns_2022_logo_light_background-scaled.jpg\",\"contentUrl\":\"https:\\\/\\\/blackthornsdesign.com\\\/wp-content\\\/uploads\\\/Blackthorns_2022_logo_light_background-scaled.jpg\",\"width\":3000,\"height\":2121,\"caption\":\"Studio Blackthorns\"},\"image\":{\"@id\":\"https:\\\/\\\/blackthornsdesign.com\\\/#\\\/schema\\\/logo\\\/image\\\/\"},\"sameAs\":[\"https:\\\/\\\/www.facebook.com\\\/studioblackthorns\",\"https:\\\/\\\/www.linkedin.com\\\/company\\\/studioblackthorns\",\"https:\\\/\\\/www.youtube.com\\\/@studioblackthorns\",\"https:\\\/\\\/www.instagram.com\\\/studioblackthorns\",\"https:\\\/\\\/fr.pinterest.com\\\/studioblackthorns\\\/\"]},{\"@type\":\"Person\",\"@id\":\"https:\\\/\\\/blackthornsdesign.com\\\/#\\\/schema\\\/person\\\/52ac7f9fe33a7ec9b2b7acc6f29155f8\",\"name\":\"blackthorns\"}]}<\/script>\n<!-- \/ Yoast SEO plugin. -->","yoast_head_json":{"title":"Masterclasses and courses by Studio Blackthorns","description":"Get exclusive insights to grow your business or brand through our custom masterclasses and tailored training programs.","robots":{"index":"index","follow":"follow","max-snippet":"max-snippet:-1","max-image-preview":"max-image-preview:large","max-video-preview":"max-video-preview:-1"},"canonical":"https:\/\/blackthornsdesign.com\/en\/our-methodology\/","og_locale":"en_US","og_type":"article","og_title":"Masterclasses et Formations by Studio Blackthorns","og_description":"Obtenez des insights exclusifs pour d\u00e9velopper votre entreprise ou marque gr\u00e2ce \u00e0 nos masterclasses et formations sur mesure.","og_url":"https:\/\/blackthornsdesign.com\/en\/our-methodology\/","og_site_name":"Blackthorns","article_publisher":"https:\/\/www.facebook.com\/studioblackthorns","article_modified_time":"2025-02-07T12:04:41+00:00","og_image":[{"width":2000,"height":1131,"url":"https:\/\/blackthornsdesign.com\/wp-content\/uploads\/visuel-methode-HYDRE.jpg","type":"image\/jpeg"}],"schema":{"@context":"https:\/\/schema.org","@graph":[{"@type":["Article","BlogPosting"],"@id":"https:\/\/blackthornsdesign.com\/methodes\/#article","isPartOf":{"@id":"https:\/\/blackthornsdesign.com\/methodes\/"},"author":{"name":"blackthorns","@id":"https:\/\/blackthornsdesign.com\/#\/schema\/person\/52ac7f9fe33a7ec9b2b7acc6f29155f8"},"headline":"Nos masterclasses","datePublished":"2023-11-29T14:14:48+00:00","dateModified":"2025-02-07T12:04:41+00:00","mainEntityOfPage":{"@id":"https:\/\/blackthornsdesign.com\/methodes\/"},"wordCount":128,"publisher":{"@id":"https:\/\/blackthornsdesign.com\/#organization"},"image":{"@id":"https:\/\/blackthornsdesign.com\/methodes\/#primaryimage"},"thumbnailUrl":"https:\/\/blackthornsdesign.com\/wp-content\/uploads\/visuel-methode-HYDRE.jpg","inLanguage":"en-US"},{"@type":"WebPage","@id":"https:\/\/blackthornsdesign.com\/methodes\/","url":"https:\/\/blackthornsdesign.com\/methodes\/","name":"Masterclasses and courses by Studio Blackthorns","isPartOf":{"@id":"https:\/\/blackthornsdesign.com\/#website"},"primaryImageOfPage":{"@id":"https:\/\/blackthornsdesign.com\/methodes\/#primaryimage"},"image":{"@id":"https:\/\/blackthornsdesign.com\/methodes\/#primaryimage"},"thumbnailUrl":"https:\/\/blackthornsdesign.com\/wp-content\/uploads\/visuel-methode-HYDRE.jpg","datePublished":"2023-11-29T14:14:48+00:00","dateModified":"2025-02-07T12:04:41+00:00","description":"Get exclusive insights to grow your business or brand through our custom masterclasses and tailored training programs.","breadcrumb":{"@id":"https:\/\/blackthornsdesign.com\/methodes\/#breadcrumb"},"inLanguage":"en-US","potentialAction":[{"@type":"ReadAction","target":["https:\/\/blackthornsdesign.com\/methodes\/"]}]},{"@type":"ImageObject","inLanguage":"en-US","@id":"https:\/\/blackthornsdesign.com\/methodes\/#primaryimage","url":"https:\/\/blackthornsdesign.com\/wp-content\/uploads\/visuel-methode-HYDRE.jpg","contentUrl":"https:\/\/blackthornsdesign.com\/wp-content\/uploads\/visuel-methode-HYDRE.jpg","width":2000,"height":1131,"caption":"M\u00e9thode HYDRE"},{"@type":"BreadcrumbList","@id":"https:\/\/blackthornsdesign.com\/methodes\/#breadcrumb","itemListElement":[{"@type":"ListItem","position":1,"name":"Accueil","item":"https:\/\/blackthornsdesign.com\/"},{"@type":"ListItem","position":2,"name":"Nos masterclasses"}]},{"@type":"WebSite","@id":"https:\/\/blackthornsdesign.com\/#website","url":"https:\/\/blackthornsdesign.com\/","name":"Studio Blackthorns","description":"Design agency for beverage, beer, wine and spirits brands","publisher":{"@id":"https:\/\/blackthornsdesign.com\/#organization"},"potentialAction":[{"@type":"SearchAction","target":{"@type":"EntryPoint","urlTemplate":"https:\/\/blackthornsdesign.com\/?s={search_term_string}"},"query-input":{"@type":"PropertyValueSpecification","valueRequired":true,"valueName":"search_term_string"}}],"inLanguage":"en-US"},{"@type":"Organization","@id":"https:\/\/blackthornsdesign.com\/#organization","name":"Studio Blackthorns","alternateName":"Blackthorns","url":"https:\/\/blackthornsdesign.com\/","logo":{"@type":"ImageObject","inLanguage":"en-US","@id":"https:\/\/blackthornsdesign.com\/#\/schema\/logo\/image\/","url":"https:\/\/blackthornsdesign.com\/wp-content\/uploads\/Blackthorns_2022_logo_light_background-scaled.jpg","contentUrl":"https:\/\/blackthornsdesign.com\/wp-content\/uploads\/Blackthorns_2022_logo_light_background-scaled.jpg","width":3000,"height":2121,"caption":"Studio Blackthorns"},"image":{"@id":"https:\/\/blackthornsdesign.com\/#\/schema\/logo\/image\/"},"sameAs":["https:\/\/www.facebook.com\/studioblackthorns","https:\/\/www.linkedin.com\/company\/studioblackthorns","https:\/\/www.youtube.com\/@studioblackthorns","https:\/\/www.instagram.com\/studioblackthorns","https:\/\/fr.pinterest.com\/studioblackthorns\/"]},{"@type":"Person","@id":"https:\/\/blackthornsdesign.com\/#\/schema\/person\/52ac7f9fe33a7ec9b2b7acc6f29155f8","name":"blackthorns"}]}},"spectra_custom_meta":{"_schema_disable_body":["",""],"_schema_disable_post":["",""],"_thumbnail_id":["7157"],"ilj_blacklistdefinition":["a:0:{}"],"ilj_linkdefinition":["a:0:{}"],"zeroneit_featherlight_disable":[""],"_yoast_wpseo_estimated-reading-time-minutes":["2"],"_yoast_wpseo_wordproof_timestamp":[""],"_yoast_wpseo_content_score":["90"],"_yoast_wpseo_focuskw":["Masterclasses et formations"],"_yoast_wpseo_title":["Masterclasses et Formations by Studio Blackthorns"],"_yoast_wpseo_linkdex":["53"],"_wp_page_template":["template-methodes.php"],"_yoast_wpseo_metadesc":["Obtenez des insights exclusifs pour d\u00e9velopper votre entreprise ou marque gr\u00e2ce \u00e0 nos masterclasses et formations sur mesure."],"footnotes":[""],"_dp_original":["7023"],"_edit_lock":["1773161916:1"],"_edit_last":["1"],"_trp_translated_slug_en_US":["our-methodology"],"wpil_sync_report3":["1"],"_uagb_previous_block_counts":["a:90:{s:21:\"uagb\/advanced-heading\";i:0;s:15:\"uagb\/blockquote\";i:0;s:12:\"uagb\/buttons\";i:3;s:18:\"uagb\/buttons-child\";i:3;s:19:\"uagb\/call-to-action\";i:0;s:15:\"uagb\/cf7-styler\";i:0;s:11:\"uagb\/column\";i:0;s:12:\"uagb\/columns\";i:0;s:14:\"uagb\/container\";i:13;s:21:\"uagb\/content-timeline\";i:0;s:27:\"uagb\/content-timeline-child\";i:0;s:14:\"uagb\/countdown\";i:0;s:12:\"uagb\/counter\";i:0;s:8:\"uagb\/faq\";i:0;s:14:\"uagb\/faq-child\";i:0;s:10:\"uagb\/forms\";i:0;s:17:\"uagb\/forms-accept\";i:0;s:19:\"uagb\/forms-checkbox\";i:0;s:15:\"uagb\/forms-date\";i:0;s:16:\"uagb\/forms-email\";i:0;s:17:\"uagb\/forms-hidden\";i:0;s:15:\"uagb\/forms-name\";i:0;s:16:\"uagb\/forms-phone\";i:0;s:16:\"uagb\/forms-radio\";i:0;s:17:\"uagb\/forms-select\";i:0;s:19:\"uagb\/forms-textarea\";i:0;s:17:\"uagb\/forms-toggle\";i:0;s:14:\"uagb\/forms-url\";i:0;s:14:\"uagb\/gf-styler\";i:0;s:15:\"uagb\/google-map\";i:0;s:11:\"uagb\/how-to\";i:0;s:16:\"uagb\/how-to-step\";i:0;s:9:\"uagb\/icon\";i:0;s:14:\"uagb\/icon-list\";i:0;s:20:\"uagb\/icon-list-child\";i:0;s:10:\"uagb\/image\";i:3;s:18:\"uagb\/image-gallery\";i:0;s:13:\"uagb\/info-box\";i:0;s:18:\"uagb\/inline-notice\";i:0;s:11:\"uagb\/lottie\";i:0;s:21:\"uagb\/marketing-button\";i:0;s:10:\"uagb\/modal\";i:0;s:18:\"uagb\/popup-builder\";i:0;s:16:\"uagb\/post-button\";i:0;s:18:\"uagb\/post-carousel\";i:0;s:17:\"uagb\/post-excerpt\";i:0;s:14:\"uagb\/post-grid\";i:0;s:15:\"uagb\/post-image\";i:0;s:17:\"uagb\/post-masonry\";i:0;s:14:\"uagb\/post-meta\";i:0;s:18:\"uagb\/post-taxonomy\";i:0;s:18:\"uagb\/post-timeline\";i:0;s:15:\"uagb\/post-title\";i:0;s:20:\"uagb\/restaurant-menu\";i:0;s:26:\"uagb\/restaurant-menu-child\";i:0;s:11:\"uagb\/review\";i:0;s:12:\"uagb\/section\";i:0;s:14:\"uagb\/separator\";i:0;s:11:\"uagb\/slider\";i:0;s:17:\"uagb\/slider-child\";i:0;s:17:\"uagb\/social-share\";i:0;s:23:\"uagb\/social-share-child\";i:0;s:16:\"uagb\/star-rating\";i:0;s:23:\"uagb\/sure-cart-checkout\";i:0;s:22:\"uagb\/sure-cart-product\";i:0;s:15:\"uagb\/sure-forms\";i:0;s:22:\"uagb\/table-of-contents\";i:0;s:9:\"uagb\/tabs\";i:0;s:15:\"uagb\/tabs-child\";i:0;s:18:\"uagb\/taxonomy-list\";i:0;s:9:\"uagb\/team\";i:0;s:16:\"uagb\/testimonial\";i:0;s:14:\"uagb\/wp-search\";i:0;s:19:\"uagb\/instagram-feed\";i:0;s:10:\"uagb\/login\";i:0;s:17:\"uagb\/loop-builder\";i:0;s:18:\"uagb\/loop-category\";i:0;s:20:\"uagb\/loop-pagination\";i:0;s:15:\"uagb\/loop-reset\";i:0;s:16:\"uagb\/loop-search\";i:0;s:14:\"uagb\/loop-sort\";i:0;s:17:\"uagb\/loop-wrapper\";i:0;s:13:\"uagb\/register\";i:0;s:19:\"uagb\/register-email\";i:0;s:24:\"uagb\/register-first-name\";i:0;s:23:\"uagb\/register-last-name\";i:0;s:22:\"uagb\/register-password\";i:0;s:30:\"uagb\/register-reenter-password\";i:0;s:19:\"uagb\/register-terms\";i:0;s:22:\"uagb\/register-username\";i:0;}"],"_uagb_last_spectra_edit":["1776835590"]},"uagb_featured_image_src":{"full":["https:\/\/blackthornsdesign.com\/wp-content\/uploads\/visuel-methode-HYDRE.jpg",2000,1131,false],"thumbnail":["https:\/\/blackthornsdesign.com\/wp-content\/uploads\/visuel-methode-HYDRE-150x85.jpg",150,85,true],"medium":["https:\/\/blackthornsdesign.com\/wp-content\/uploads\/visuel-methode-HYDRE-640x362.jpg",640,362,true],"medium_large":["https:\/\/blackthornsdesign.com\/wp-content\/uploads\/visuel-methode-HYDRE-768x434.jpg",768,434,true],"large":["https:\/\/blackthornsdesign.com\/wp-content\/uploads\/visuel-methode-HYDRE-1140x645.jpg",1140,645,true],"1536x1536":["https:\/\/blackthornsdesign.com\/wp-content\/uploads\/visuel-methode-HYDRE-1536x869.jpg",1536,869,true],"2048x2048":["https:\/\/blackthornsdesign.com\/wp-content\/uploads\/visuel-methode-HYDRE.jpg",2000,1131,false],"trp-custom-language-flag":["https:\/\/blackthornsdesign.com\/wp-content\/uploads\/visuel-methode-HYDRE-18x10.jpg",18,10,true],"gform-image-choice-sm":["https:\/\/blackthornsdesign.com\/wp-content\/uploads\/visuel-methode-HYDRE.jpg",300,170,false],"gform-image-choice-md":["https:\/\/blackthornsdesign.com\/wp-content\/uploads\/visuel-methode-HYDRE.jpg",400,226,false],"gform-image-choice-lg":["https:\/\/blackthornsdesign.com\/wp-content\/uploads\/visuel-methode-HYDRE.jpg",600,339,false]},"uagb_author_info":{"display_name":"blackthorns","author_link":"https:\/\/blackthornsdesign.com\/en\/blog\/author\/blackthorns\/"},"uagb_comment_info":0,"uagb_excerpt":"MASTERCLASS : Comment int\u00e9grer l&rsquo;IA dans votre strat\u00e9gie de marque ? Cr\u00e9ez une marque compl\u00e8te, du concept au design en maitrisant l&rsquo;intelligence artificielle ! MASTERCLASS : Lancez de nouvelles boissons en prot\u00e9geant votre marque principale Diagnostiquez&nbsp;la&nbsp;meilleure&nbsp;strat\u00e9gie&nbsp;d\u2019architecture&nbsp;pour votre marque. Minimisez&nbsp;les&nbsp;risques&nbsp;avant&nbsp;d\u2019investir&nbsp;dans&nbsp;le&nbsp;branding&nbsp;de&nbsp;vos&nbsp;extensions&nbsp;produits. Formation En savoir +","_links":{"self":[{"href":"https:\/\/blackthornsdesign.com\/en\/wp-json\/wp\/v2\/pages\/7229","targetHints":{"allow":["GET"]}}],"collection":[{"href":"https:\/\/blackthornsdesign.com\/en\/wp-json\/wp\/v2\/pages"}],"about":[{"href":"https:\/\/blackthornsdesign.com\/en\/wp-json\/wp\/v2\/types\/page"}],"author":[{"embeddable":true,"href":"https:\/\/blackthornsdesign.com\/en\/wp-json\/wp\/v2\/users\/1"}],"replies":[{"embeddable":true,"href":"https:\/\/blackthornsdesign.com\/en\/wp-json\/wp\/v2\/comments?post=7229"}],"version-history":[{"count":0,"href":"https:\/\/blackthornsdesign.com\/en\/wp-json\/wp\/v2\/pages\/7229\/revisions"}],"wp:featuredmedia":[{"embeddable":true,"href":"https:\/\/blackthornsdesign.com\/en\/wp-json\/wp\/v2\/media\/7157"}],"wp:attachment":[{"href":"https:\/\/blackthornsdesign.com\/en\/wp-json\/wp\/v2\/media?parent=7229"}],"curies":[{"name":"wp","href":"https:\/\/api.w.org\/{rel}","templated":true}]}}